{"id":29,"date":"2013-11-20T16:28:53","date_gmt":"2013-11-20T16:28:53","guid":{"rendered":"http:\/\/www.poloclub-berlin-brandenburg.de\/?page_id=29"},"modified":"2022-08-15T11:51:51","modified_gmt":"2022-08-15T11:51:51","slug":"der-club","status":"publish","type":"page","link":"http:\/\/www.poloclub-berlin-brandenburg.de\/","title":{"rendered":"DER CLUB"},"content":{"rendered":"<h1>Die Geschichte des Preussischen Polo &amp; Country Club Berlin &#8211; Brandenburg in Ph\u00f6ben.<\/h1>\n<p>Ursp\u00fcnglich war der Polo Sport in Berlin, im Umland Berlins eher provisorisch etabliert, wie z.B. in Dallgow D\u00f6beritz.<\/p>\n<p>Der Wunsch vieler aktiver Spieler war es, sich auf einer eigenen, hochwertigen und strategisch gut gelegenen Anlage im Westen Berlins zu etablieren. Diesem Wunsch entsprechend, entstand in Ph\u00f6ben nicht nur eine Poloanlage mit 2 fullzise Spielfeldern und 2 Trainingspl\u00e4tzen, 2 Wohnh\u00e4usern und einer eigenen Gastronomie, sondern eine Reitanlage, die auch den Pferdebegeisterten der klassischen- und der Freizeitreiterei offen steht. Errichtet wurde eine 90 x 30 Meter gro\u00dfe, lichtdurchflutete Reithalle, ein vier &#8211; Seitenhof mit 140 Boxen, 2 Dressurvierecke, ein Turnier- Springplatz, ein Vielseitigkeitsparcours, eine Galoppbahn, ein \u00fcberdachte F\u00fchranlage Zus\u00e4tzlich stehen neben vielen Paddocks und Weiden vielen gro\u00dfen Offenst\u00e4llen f\u00fcr \u00fcber 100 Pferde zur Verf\u00fcgung. Das alles auf einem Gel\u00e4nde von insgesamt \u00fcber 100 ha, gelegen in der wundersch\u00f6nen Havel &#8211; Auenlandschaft Brandenburgs.<\/p>\n<p>Direkt angrenzend befindet sich eine 27-Loch-Golf Anlage und ein weitl\u00e4ufiges, herrliches Waldgebiet. Dass diese traumhafte Gegend zu kurzen oder auch ausgedehnten Ausritten einl\u00e4dt, muss hier sicher nicht besonders hervorgehoben werden. J\u00e4hrlich im Herbst findet eine &#8222;Fuchsjagd&#8220;, gemeinsam mit den auf der Reitanlage ans\u00e4ssigen Reitern und den Polospielern statt.<\/p>\n<p>Am 09. Mai 2003 wurde der Preu\u00dfische Polo &amp; Country Club Berlin-Brandenburg e. V. (PP&amp;CCBB e.V.) gegr\u00fcndet und ist seither mit seinem Spielbetrieb auf der oben vorgestellten Anlage in Werder\/OT Ph\u00f6ben beheimatet.<\/p>\n<h1>Veranstaltungen im Club<\/h1>\n<p>Der PP&amp;CCBB e.V. richtet seit seinem Bestehen j\u00e4hrlich mindestens ein offizielles DPV (Deutscher Polo Verband e.V.) Poloturnier aus. Darunter auch die Deutsche Polo High Goal Meisterschaft, die sogenannte &#8222;K\u00f6nigsklasse&#8220; des Polosports. Seit August 2010 werden die Vorrundenspiele der Deutschen Meisterschaft in Werder\/ Ph\u00f6ben ausgetragen. Die Finalspiele aber werden in einem der sch\u00f6nsten und gr\u00f6\u00dften Polostadion der Welt, auf dem eigens f\u00fcr den Polosport zur Olympiade 1936 angelegten Spielfeld, dem Maifeld im Olympiapark Berlin, ausgetragen.<\/p>\n<p>Dieses hochkar\u00e4tige Sportevent ist mitlerweile ein sportliches und gesellschaftliches Highlight und in den j\u00e4hrlichen Veranstaltungskalender der Sportmetropole Berlin integriert.<\/p>\n<table style=\"height: 466px; width: 835px;\" border=\"0\">\n<tbody>\n<tr>\n<td align=\"left\" valign=\"top\"><img loading=\"lazy\" class=\"alignleft size-full wp-image-32\" src=\"http:\/\/www.poloclub-berlin-brandenburg.de\/wp-content\/uploads\/2013\/11\/Polo_Anlage2.png\" alt=\"Polo_Anlage2\" width=\"383\" height=\"414\" srcset=\"http:\/\/www.poloclub-berlin-brandenburg.de\/wp-content\/uploads\/2013\/11\/Polo_Anlage2.png 383w, http:\/\/www.poloclub-berlin-brandenburg.de\/wp-content\/uploads\/2013\/11\/Polo_Anlage2-277x300.png 277w\" sizes=\"(max-width: 383px) 100vw, 383px\" \/><\/td>\n<td align=\"left\" valign=\"top\">\n<h2>HARD FACTS<\/h2>\n<h2>Angaben zum Spielfeld\/zu den Spiel- und Trainingsbedingungen:<\/h2>\n<p>Wir verf\u00fcgen \u00fcber zwei Fullsize Spielfelder.<br \/>\n<strong>Beginn der Saison:<\/strong> Ende April\/Anfang Mai<br \/>\n<strong>Ende der Saison:<\/strong> Ende Oktober<\/p>\n<p><strong>Trainingszeiten\/Clubchukker im Sommer:<\/strong><br \/>\nTraining ist t\u00e4glich m\u00f6glich, ausser Montags<br \/>\n<strong>Chukker:<\/strong> Mittwochs, Freitags, Samstag und Sonntags<\/p>\n<p>F\u00fchrmaschine, Galoppierbahn und ein weitl\u00e4ufiges Reitgel\u00e4nde im Ph\u00f6bener Waldgebiet stehen als Trainingsm\u00f6glichenkeiten f\u00fcr Polopferde zur Verf\u00fcgung<\/p>\n<p>Ca. 120 Polopferde befinden sich derzeit im Club.<\/td>\n<\/tr>\n<\/tbody>\n<\/table>\n","protected":false},"excerpt":{"rendered":"<p>Die Geschichte des Preussischen Polo &amp; Country Club Berlin &#8211; Brandenburg in Ph\u00f6ben. Ursp\u00fcnglich war der Polo Sport in Berlin, im Umland Berlins eher provisorisch etabliert, wie z.B. in Dallgow D\u00f6beritz. Der Wunsch vieler aktiver Spieler war es, sich auf &hellip; <a href=\"http:\/\/www.poloclub-berlin-brandenburg.de\/\">Weiterlesen <span class=\"meta-nav\">&rarr;<\/span><\/a><\/p>\n","protected":false},"author":2,"featured_media":0,"parent":0,"menu_order":0,"comment_status":"closed","ping_status":"closed","template":"","meta":{"spay_email":""},"jetpack_sharing_enabled":true,"jetpack_shortlink":"https:\/\/wp.me\/P47bxt-t","_links":{"self":[{"href":"http:\/\/www.poloclub-berlin-brandenburg.de\/index.php?rest_route=\/wp\/v2\/pages\/29"}],"collection":[{"href":"http:\/\/www.poloclub-berlin-brandenburg.de\/index.php?rest_route=\/wp\/v2\/pages"}],"about":[{"href":"http:\/\/www.poloclub-berlin-brandenburg.de\/index.php?rest_route=\/wp\/v2\/types\/page"}],"author":[{"embeddable":true,"href":"http:\/\/www.poloclub-berlin-brandenburg.de\/index.php?rest_route=\/wp\/v2\/users\/2"}],"replies":[{"embeddable":true,"href":"http:\/\/www.poloclub-berlin-brandenburg.de\/index.php?rest_route=%2Fwp%2Fv2%2Fcomments&post=29"}],"version-history":[{"count":6,"href":"http:\/\/www.poloclub-berlin-brandenburg.de\/index.php?rest_route=\/wp\/v2\/pages\/29\/revisions"}],"predecessor-version":[{"id":329,"href":"http:\/\/www.poloclub-berlin-brandenburg.de\/index.php?rest_route=\/wp\/v2\/pages\/29\/revisions\/329"}],"wp:attachment":[{"href":"http:\/\/www.poloclub-berlin-brandenburg.de\/index.php?rest_route=%2Fwp%2Fv2%2Fmedia&parent=29"}],"curies":[{"name":"wp","href":"https:\/\/api.w.org\/{rel}","templated":true}]}}